{"id":1885,"date":"2024-02-01T15:16:58","date_gmt":"2024-02-01T14:16:58","guid":{"rendered":"https:\/\/www.fdd-cf.com\/?page_id=1885"},"modified":"2024-02-01T15:19:39","modified_gmt":"2024-02-01T14:19:39","slug":"homepage-bis","status":"publish","type":"page","link":"https:\/\/dev.fdd-cf.com\/en\/","title":{"rendered":"Homepage"},"content":{"rendered":"<div class=\"bg-white overflow-x-hidden relative z-0\">\n\n    <div class=\"swiper swiper-bg\">\n      <div class=\"swiper-wrapper\">\n                      <div class=\"swiper-slide min-h-[350px] md:min-h-[544px] flex items-center justify-center\">\n              <div class=\"absolute inset-0 z-0\">\n                <div class=\"absolute inset-0 mix-blend-multiply bg-brown\/60\"><\/div>\n                <img loading=\"lazy\" decoding=\"async\" width=\"1440\" height=\"544\" src=\"https:\/\/dev.fdd-cf.com\/wp-content\/uploads\/2022\/05\/fdd-cf-slide-01.jpg\" class=\"object-cover w-full h-full\" alt=\"\" srcset=\"https:\/\/dev.fdd-cf.com\/wp-content\/uploads\/2022\/05\/fdd-cf-slide-01.jpg 1440w, https:\/\/dev.fdd-cf.com\/wp-content\/uploads\/2022\/05\/fdd-cf-slide-01-300x113.jpg 300w, https:\/\/dev.fdd-cf.com\/wp-content\/uploads\/2022\/05\/fdd-cf-slide-01-1024x387.jpg 1024w, https:\/\/dev.fdd-cf.com\/wp-content\/uploads\/2022\/05\/fdd-cf-slide-01-768x290.jpg 768w\" sizes=\"auto, (max-width: 1440px) 100vw, 1440px\" \/>\n              <\/div>\n              \n            <\/div>\n                      <div class=\"swiper-slide min-h-[350px] md:min-h-[544px] flex items-center justify-center\">\n              <div class=\"absolute inset-0 z-0\">\n                <div class=\"absolute inset-0 mix-blend-multiply bg-brown\/60\"><\/div>\n                <img loading=\"lazy\" decoding=\"async\" width=\"1440\" height=\"544\" src=\"https:\/\/dev.fdd-cf.com\/wp-content\/uploads\/2022\/05\/fdd-cf-slide-02.jpg\" class=\"object-cover w-full h-full\" alt=\"\" srcset=\"https:\/\/dev.fdd-cf.com\/wp-content\/uploads\/2022\/05\/fdd-cf-slide-02.jpg 1440w, https:\/\/dev.fdd-cf.com\/wp-content\/uploads\/2022\/05\/fdd-cf-slide-02-300x113.jpg 300w, https:\/\/dev.fdd-cf.com\/wp-content\/uploads\/2022\/05\/fdd-cf-slide-02-1024x387.jpg 1024w, https:\/\/dev.fdd-cf.com\/wp-content\/uploads\/2022\/05\/fdd-cf-slide-02-768x290.jpg 768w\" sizes=\"auto, (max-width: 1440px) 100vw, 1440px\" \/>\n              <\/div>\n              \n            <\/div>\n                      <div class=\"swiper-slide min-h-[350px] md:min-h-[544px] flex items-center justify-center\">\n              <div class=\"absolute inset-0 z-0\">\n                <div class=\"absolute inset-0 mix-blend-multiply bg-brown\/60\"><\/div>\n                <img loading=\"lazy\" decoding=\"async\" width=\"1440\" height=\"544\" src=\"https:\/\/dev.fdd-cf.com\/wp-content\/uploads\/2022\/05\/fdd-cf-slide-03.jpg\" class=\"object-cover w-full h-full\" alt=\"\" srcset=\"https:\/\/dev.fdd-cf.com\/wp-content\/uploads\/2022\/05\/fdd-cf-slide-03.jpg 1440w, https:\/\/dev.fdd-cf.com\/wp-content\/uploads\/2022\/05\/fdd-cf-slide-03-300x113.jpg 300w, https:\/\/dev.fdd-cf.com\/wp-content\/uploads\/2022\/05\/fdd-cf-slide-03-1024x387.jpg 1024w, https:\/\/dev.fdd-cf.com\/wp-content\/uploads\/2022\/05\/fdd-cf-slide-03-768x290.jpg 768w\" sizes=\"auto, (max-width: 1440px) 100vw, 1440px\" \/>\n              <\/div>\n              \n            <\/div>\n                <\/div>\n      <!-- If we need pagination -->\n      <div class=\"swiper-pagination\"><\/div>\n\n      <!-- If we need navigation buttons -->\n      <div class=\"swiper-button-prev z-40 rounded-full text-white bg-black\/40 w-40 h-40 absolute top-1\/2 left-8 md:left-20 cursor-pointer flex items-center justify-center\">\n        <svg xmlns=\"http:\/\/www.w3.org\/2000\/svg\" class=\"h-25 w-25\" fill=\"none\" viewBox=\"0 0 24 24\" stroke=\"currentColor\" stroke-width=\"2\">\n          <path stroke-linecap=\"round\" stroke-linejoin=\"round\" d=\"M15 19l-7-7 7-7\" \/>\n        <\/svg>\n      <\/div>\n      <div class=\"swiper-button-next z-40 rounded-full text-white bg-black\/40 w-40 h-40 absolute top-1\/2 right-8 md:right-20 cursor-pointer flex items-center justify-center\">\n        <svg xmlns=\"http:\/\/www.w3.org\/2000\/svg\" class=\"h-25 w-25\" fill=\"none\" viewBox=\"0 0 24 24\" stroke=\"currentColor\" stroke-width=\"2\">\n          <path stroke-linecap=\"round\" stroke-linejoin=\"round\" d=\"M9 5l7 7-7 7\" \/>\n        <\/svg>\n      <\/div>\n    <\/div>\n\n    <div class=\"absolute top-1\/2 left-1\/2 -translate-y-1\/2 -translate-x-1\/2 z-20\">\n      <div class=\"swiper swiper-text  max-w-[60vw] w-full\">\n        <div class=\"swiper-wrapper\">\n                  <div class=\"swiper-slide\">\n            <div class=\"text-white text-lg md:text-xl font-display z-30 text-center hide-br-mobile\">\n              Access to healthy food,<br \/>\r\nrespectful of biodiversity.\n            <\/div>\n          <\/div>\n                  <div class=\"swiper-slide\">\n            <div class=\"text-white text-lg md:text-xl font-display z-30 text-center hide-br-mobile\">\n              Access to healthy food,<br \/>\r\nrespectful of biodiversity.\n            <\/div>\n          <\/div>\n                  <div class=\"swiper-slide\">\n            <div class=\"text-white text-lg md:text-xl font-display z-30 text-center hide-br-mobile\">\n              Access to healthy food,<br \/>\r\nrespectful of biodiversity.\n            <\/div>\n          <\/div>\n                <\/div>\n      <\/div>\n    <\/div>\n\n  <\/div>\n\n\n<section id=\"\" class=\"text-image  py-50 md:py-96\">\n  <div class=\"container\">\n          <h2 class=\"h1\">The Compagnie Fruiti\u00e8re Foundation<\/h2>\n        <div class=\"md:grid md:grid-cols-12 md:gap-x-32 lg:gap-x-64\">\n      <div class=\"md:col-span-6  mb-50 md:mb-0 \">\n                <div class=\"prose prose-p:text-gris-body mt-16 \">\n          <p>For more than ten years, support for vulnerable populations has been the common thread in all our actions, both in Marseille and in Africa.<\/p>\n<p>Since 2022, the year of the tenth anniversary of the Fundation, a new direction has been taken with a focus on the theme of sustainable food, while respecting people and the environment.<\/p>\n\n        <\/div>\n                  <a class=\"text-white inline-block py-12 text-sm font-medium px-16 uppercase rounded-full decoration-0 no-underline bg-orange hover:bg-brown transition-colors mt-32\" href=\"https:\/\/www.fdd-cf.com\/presentation\/\" target=\"\">Read more<\/a>\n              <\/div>\n      <div class=\"md:col-span-5 \">\n        <div class=\"\">\n                      <img loading=\"lazy\" decoding=\"async\" width=\"560\" height=\"400\" src=\"https:\/\/dev.fdd-cf.com\/wp-content\/uploads\/2022\/05\/image_text.jpg\" class=\"w-full rounded-lg\" alt=\"\" srcset=\"https:\/\/dev.fdd-cf.com\/wp-content\/uploads\/2022\/05\/image_text.jpg 560w, https:\/\/dev.fdd-cf.com\/wp-content\/uploads\/2022\/05\/image_text-300x214.jpg 300w\" sizes=\"auto, (max-width: 560px) 100vw, 560px\" \/>\n                              <\/div>\n      <\/div>\n    <\/div>\n  <\/div>\n<\/section>\n\n\n<section id=\"\" class=\"text-image  py-50 md:py-96\">\n  <div class=\"container\">\n        <div class=\"md:grid md:grid-cols-12 md:gap-x-32 lg:gap-x-64\">\n      <div class=\"md:col-span-6  mb-50 md:mb-0  md:order-2 \">\n                <div class=\"prose prose-p:text-gris-body mt-16 \">\n          <p>The Compagnie Fruiti\u00e8re Foundation wanted to display with in images its first ten years of commitment around its areas of action which were health, education, culture and the environment. Some notable projects are presented among the fifty projects supported over this period.<\/p>\n\n        <\/div>\n              <\/div>\n      <div class=\"md:col-span-5  md:order-1 \">\n        <div class=\"\">\n                      <div class=\"embed-container rounded-lg overflow-hidden\">\n              <iframe loading=\"lazy\" hcb-fetch-image-from=\"https:\/\/vimeo.com\/745710760\" title=\"FDDCF10ans.mov\" src=\"https:\/\/player.vimeo.com\/video\/745710760?dnt=1&amp;app_id=122963\" width=\"640\" height=\"360\" frameborder=\"0\" allow=\"autoplay; fullscreen; picture-in-picture; clipboard-write; encrypted-media; web-share\" referrerpolicy=\"strict-origin-when-cross-origin\"><\/iframe>\n            <\/div>\n                  <\/div>\n      <\/div>\n    <\/div>\n  <\/div>\n<\/section>\n\n\n<section id=\"\" class=\"container my-32 md:my-48 mb-16 md:mb-32 lg:mb-64\">\n  <div class=\"flex gap-32 items-start max-w-4xl mx-auto\">\n      <div class=\"flex items-center justify-center mb-40 shrink-0\">\n      <img loading=\"lazy\" decoding=\"async\" width=\"150\" height=\"150\" src=\"https:\/\/dev.fdd-cf.com\/wp-content\/uploads\/2022\/06\/marie-pierre-fabre-150x150.jpg\" class=\"w-130 rounded-full\" alt=\"\" srcset=\"https:\/\/dev.fdd-cf.com\/wp-content\/uploads\/2022\/06\/marie-pierre-fabre-150x150.jpg 150w, https:\/\/dev.fdd-cf.com\/wp-content\/uploads\/2022\/06\/marie-pierre-fabre.jpg 217w\" sizes=\"auto, (max-width: 150px) 100vw, 150px\" \/>\n    <\/div>\n      <div class=\" relative pl-30 pt-40\">\n        \n          <svg class=\"w-120 h-80 absolute left-0 top-0 opacity-5\" version=\"1.1\" xmlns=\"http:\/\/www.w3.org\/2000\/svg\" viewBox=\"277 391.48 644 419.02\">\n            <path d=\"m277.26 667.52c-0.058594 1.6562-0.25391 3.2773-0.25391 4.957 0 0.5625 0.070313 1.1055 0.085938 1.6562-0.011719 1.1055-0.085938 2.1953-0.085938 3.3008l0.23828-0.16797c2.543 73.992 63.18 133.23 137.79 133.23 76.223 0 138.02-61.789 138.02-138.02 0-69.551-51.504-126.93-118.43-136.46 16.633-55.141 67.738-95.258 128.34-95.258v-49.273c-154.71 0.015625-280.47 122.61-285.7 276.04z\"><\/path>             <path d=\"m635.29 667.52c-0.058594 1.6562-0.25391 3.2773-0.25391 4.957 0 0.5625 0.085938 1.1055 0.085938 1.6562-0.011719 1.1055-0.085938 2.1953-0.085938 3.3008l0.25391-0.16797c2.543 73.992 63.18 133.23 137.77 133.23 76.234 0 138.02-61.789 138.02-138.02 0-69.551-51.504-126.93-118.43-136.46 16.633-55.141 67.738-95.258 128.33-95.258v-49.273c-154.71 0.015625-280.45 122.61-285.7 276.04z\"><\/path>\n          <\/svg>\n      <div class=\"text-[18px] prose italic\">\n        <p>I am very proud of our new commitment to sustainable food, particularly relevant in light of the crises we are going through and which is also coherent with the core activity of the Compagnie Fruiti\u00e8re Group.<\/p>\n<p>At the same time, I also wanted to maintain 3 of the Foundation&#8217;s historic areas of commitment that are dear to me: strengthening the commitment of the Group&#8217;s employees for the general interest, helping to collectively mobilize more and more companies in Marseille for the benefit of vulnerable populations locally and finally maintain the positive dynamic of our artistic exchange programs between Marseille and African countries.<\/p>\n\n      <\/div>\n      <div class=\"mt-16 md:mt-32\">\n        <strong class=\"font-medium\">Marie-Pierre Fabre<\/strong>\n        <div>President of the Compagnie Fruiti\u00e8re Foundation<\/div>\n      <\/div>\n    <\/div>\n  <\/div>\n<\/section>\n\n\n<section id=\"\" class=\"container mb-50 md:mb-96 md:mt-96\">\n  <h2 class=\"h1\">Latest news<\/h2>\n  <div class=\"grid grid-cols-12 gap-32 justify-center mb-64 max-w-3xl mx-auto\">\n                 <div class=\"col-span-6 text-left flex flex-col h-full\">\n                  <div class=\"aspect-video rounded-lg overflow-hidden\">\n          <iframe loading=\"lazy\" hcb-fetch-image-from=\"https:\/\/www.youtube.com\/watch?v=72763qjReqA&amp;ab_channel=VersantSud\" title=\"D\u00e9eyante ak \u00e0dduna by Maya In\u00e8s Touam\" width=\"380\" height=\"210\" src=\"https:\/\/www.youtube.com\/embed\/72763qjReqA?feature=oembed\" frameborder=\"0\" allow=\"accelerometer; autoplay; clipboard-write; encrypted-media; gyroscope; picture-in-picture; web-share\" referrerpolicy=\"strict-origin-when-cross-origin\" allowfullscreen><\/iframe>\n          <\/div>\n                        <div class=\"text-sm mt-24\">November 2024 &#8211; January 2025<\/div>\n        <div class=\"text-[18px] font-bold mb-18\">Maya In\u00e8s Touam<\/div>\n        <div class=\"text-sm bg-white\">\n          <div class=\"bg-white\"><div class=\"container py-8 pb-16 default-paragraph\">\n<p>The works created by <em>Maya In\u00e8s Touam<\/em> during her residency at the Grands Domaines du S\u00e9n\u00e9gal are exhibited at the Galerie du Man\u00e8ge in Dakar until 12\/31\/2025.<\/p>\n<\/div><\/div>        <\/div>\n                      <\/div>\n                 <div class=\"col-span-6 text-left flex flex-col h-full\">\n                <div class=\"aspect-video rounded-lg overflow-hidden\">\n          <img loading=\"lazy\" decoding=\"async\" width=\"1024\" height=\"683\" src=\"https:\/\/dev.fdd-cf.com\/wp-content\/uploads\/2025\/01\/KHA02501-les-murmures-du-vivant-1024x683.jpg\" class=\"w-full h-full object-cover wp-post-image\" alt=\"\" srcset=\"https:\/\/dev.fdd-cf.com\/wp-content\/uploads\/2025\/01\/KHA02501-les-murmures-du-vivant-1024x683.jpg 1024w, https:\/\/dev.fdd-cf.com\/wp-content\/uploads\/2025\/01\/KHA02501-les-murmures-du-vivant-300x200.jpg 300w, https:\/\/dev.fdd-cf.com\/wp-content\/uploads\/2025\/01\/KHA02501-les-murmures-du-vivant-768x512.jpg 768w, https:\/\/dev.fdd-cf.com\/wp-content\/uploads\/2025\/01\/KHA02501-les-murmures-du-vivant-1536x1024.jpg 1536w, https:\/\/dev.fdd-cf.com\/wp-content\/uploads\/2025\/01\/KHA02501-les-murmures-du-vivant-2048x1366.jpg 2048w\" sizes=\"auto, (max-width: 1024px) 100vw, 1024px\" \/>\n        <\/div>\n                        <div class=\"text-sm mt-24\">November 2024 &#8211; January 2025<\/div>\n        <div class=\"text-[18px] font-bold mb-18\">Les murmures du vivant<\/div>\n        <div class=\"text-sm bg-white\">\n          <div class=\"bg-white\"><div class=\"container py-8 pb-16 default-paragraph\">\n<p>The exhibition\u00a0<em>Les murmures du vivant<\/em>, by the artist Maya Ines Touam, is being held for 3 months from November 8th at the Galerie le Man\u00e8ge, in Dakar. This exhibition, organised by the Institut fran\u00e7ais du Senegal, is the result of an artistic residency program funded\u00a0 by the Compagnie Fruiti\u00e8re Foundation and carried out in the heart of the Grands Domaines du S\u00e9n\u00e9gal in Saint-Louis.<\/p>\n<\/div><\/div>        <\/div>\n                      <\/div>\n      <\/div>\n  <div class=\"bg-white max-w-[800px] pb-60 pt-30 px-30 text-center mx-auto\">\n    <div class=\"mb-40 font-display text-[18px]\">The Compagnie Fruitiere Foundation is a member of<\/div>\n          <div class=\"flex items-center justify-center space-x-32\">\n              <a href=\"https:\/\/www.centre-francais-fondations.org\/\" target=\"_blank\" nofollow>\n          <img loading=\"lazy\" decoding=\"async\" width=\"150\" height=\"150\" src=\"https:\/\/dev.fdd-cf.com\/wp-content\/uploads\/2022\/09\/centre-francais-des-fonds-de-dotation-150x150.png\" class=\"w-130\" alt=\"\" \/>\n        <\/a>\n            <\/div>\n      <\/div>\n<\/section>\n","protected":false},"excerpt":{"rendered":"","protected":false},"author":4,"featured_media":0,"parent":0,"menu_order":0,"comment_status":"closed","ping_status":"closed","template":"","meta":{"_acf_changed":false,"inline_featured_image":false,"footnotes":""},"class_list":["post-1885","page","type-page","status-publish","hentry"],"acf":[],"yoast_head":"<!-- This site is optimized with the Yoast SEO plugin v27.5 - https:\/\/yoast.com\/product\/yoast-seo-wordpress\/ -->\n<title>Homepage - Fonds de dotation Compagnie Fruiti\u00e8re<\/title>\n<meta name=\"robots\" content=\"index, follow, max-snippet:-1, max-image-preview:large, max-video-preview:-1\" \/>\n<link rel=\"canonical\" href=\"https:\/\/dev.fdd-cf.com\/\" \/>\n<meta property=\"og:locale\" content=\"en_US\" \/>\n<meta property=\"og:type\" content=\"article\" \/>\n<meta property=\"og:title\" content=\"Homepage - Fonds de dotation Compagnie Fruiti\u00e8re\" \/>\n<meta property=\"og:url\" content=\"https:\/\/dev.fdd-cf.com\/\" \/>\n<meta property=\"og:site_name\" content=\"Fonds de dotation Compagnie Fruiti\u00e8re\" \/>\n<meta property=\"article:modified_time\" content=\"2024-02-01T14:19:39+00:00\" \/>\n<meta name=\"twitter:card\" content=\"summary_large_image\" \/>\n<script type=\"application\/ld+json\" class=\"yoast-schema-graph\">{\"@context\":\"https:\\\/\\\/schema.org\",\"@graph\":[{\"@type\":\"WebPage\",\"@id\":\"https:\\\/\\\/dev.fdd-cf.com\\\/\",\"url\":\"https:\\\/\\\/dev.fdd-cf.com\\\/\",\"name\":\"Homepage - Fonds de dotation Compagnie Fruiti\u00e8re\",\"isPartOf\":{\"@id\":\"https:\\\/\\\/dev.fdd-cf.com\\\/#website\"},\"datePublished\":\"2024-02-01T14:16:58+00:00\",\"dateModified\":\"2024-02-01T14:19:39+00:00\",\"breadcrumb\":{\"@id\":\"https:\\\/\\\/dev.fdd-cf.com\\\/#breadcrumb\"},\"inLanguage\":\"en-US\",\"potentialAction\":[{\"@type\":\"ReadAction\",\"target\":[\"https:\\\/\\\/dev.fdd-cf.com\\\/\"]}]},{\"@type\":\"BreadcrumbList\",\"@id\":\"https:\\\/\\\/dev.fdd-cf.com\\\/#breadcrumb\",\"itemListElement\":[{\"@type\":\"ListItem\",\"position\":1,\"name\":\"Accueil\",\"item\":\"https:\\\/\\\/dev.fdd-cf.com\\\/\"},{\"@type\":\"ListItem\",\"position\":2,\"name\":\"Homepage\"}]},{\"@type\":\"WebSite\",\"@id\":\"https:\\\/\\\/dev.fdd-cf.com\\\/#website\",\"url\":\"https:\\\/\\\/dev.fdd-cf.com\\\/\",\"name\":\"Fonds de dotation Compagnie Fruiti\u00e8re\",\"description\":\"\",\"publisher\":{\"@id\":\"https:\\\/\\\/dev.fdd-cf.com\\\/#organization\"},\"potentialAction\":[{\"@type\":\"SearchAction\",\"target\":{\"@type\":\"EntryPoint\",\"urlTemplate\":\"https:\\\/\\\/dev.fdd-cf.com\\\/?s={search_term_string}\"},\"query-input\":{\"@type\":\"PropertyValueSpecification\",\"valueRequired\":true,\"valueName\":\"search_term_string\"}}],\"inLanguage\":\"en-US\"},{\"@type\":\"Organization\",\"@id\":\"https:\\\/\\\/dev.fdd-cf.com\\\/#organization\",\"name\":\"Fonds de dotation Compagnie Fruiti\u00e8re\",\"url\":\"https:\\\/\\\/dev.fdd-cf.com\\\/\",\"logo\":{\"@type\":\"ImageObject\",\"inLanguage\":\"en-US\",\"@id\":\"https:\\\/\\\/dev.fdd-cf.com\\\/#\\\/schema\\\/logo\\\/image\\\/\",\"url\":\"https:\\\/\\\/dev.fdd-cf.com\\\/wp-content\\\/uploads\\\/2023\\\/03\\\/FDDCF-logo-en-simple.svg\",\"contentUrl\":\"https:\\\/\\\/dev.fdd-cf.com\\\/wp-content\\\/uploads\\\/2023\\\/03\\\/FDDCF-logo-en-simple.svg\",\"caption\":\"Fonds de dotation Compagnie Fruiti\u00e8re\"},\"image\":{\"@id\":\"https:\\\/\\\/dev.fdd-cf.com\\\/#\\\/schema\\\/logo\\\/image\\\/\"}}]}<\/script>\n<!-- \/ Yoast SEO plugin. -->","yoast_head_json":{"title":"Homepage - Fonds de dotation Compagnie Fruiti\u00e8re","robots":{"index":"index","follow":"follow","max-snippet":"max-snippet:-1","max-image-preview":"max-image-preview:large","max-video-preview":"max-video-preview:-1"},"canonical":"https:\/\/dev.fdd-cf.com\/","og_locale":"en_US","og_type":"article","og_title":"Homepage - Fonds de dotation Compagnie Fruiti\u00e8re","og_url":"https:\/\/dev.fdd-cf.com\/","og_site_name":"Fonds de dotation Compagnie Fruiti\u00e8re","article_modified_time":"2024-02-01T14:19:39+00:00","twitter_card":"summary_large_image","schema":{"@context":"https:\/\/schema.org","@graph":[{"@type":"WebPage","@id":"https:\/\/dev.fdd-cf.com\/","url":"https:\/\/dev.fdd-cf.com\/","name":"Homepage - Fonds de dotation Compagnie Fruiti\u00e8re","isPartOf":{"@id":"https:\/\/dev.fdd-cf.com\/#website"},"datePublished":"2024-02-01T14:16:58+00:00","dateModified":"2024-02-01T14:19:39+00:00","breadcrumb":{"@id":"https:\/\/dev.fdd-cf.com\/#breadcrumb"},"inLanguage":"en-US","potentialAction":[{"@type":"ReadAction","target":["https:\/\/dev.fdd-cf.com\/"]}]},{"@type":"BreadcrumbList","@id":"https:\/\/dev.fdd-cf.com\/#breadcrumb","itemListElement":[{"@type":"ListItem","position":1,"name":"Accueil","item":"https:\/\/dev.fdd-cf.com\/"},{"@type":"ListItem","position":2,"name":"Homepage"}]},{"@type":"WebSite","@id":"https:\/\/dev.fdd-cf.com\/#website","url":"https:\/\/dev.fdd-cf.com\/","name":"Fonds de dotation Compagnie Fruiti\u00e8re","description":"","publisher":{"@id":"https:\/\/dev.fdd-cf.com\/#organization"},"potentialAction":[{"@type":"SearchAction","target":{"@type":"EntryPoint","urlTemplate":"https:\/\/dev.fdd-cf.com\/?s={search_term_string}"},"query-input":{"@type":"PropertyValueSpecification","valueRequired":true,"valueName":"search_term_string"}}],"inLanguage":"en-US"},{"@type":"Organization","@id":"https:\/\/dev.fdd-cf.com\/#organization","name":"Fonds de dotation Compagnie Fruiti\u00e8re","url":"https:\/\/dev.fdd-cf.com\/","logo":{"@type":"ImageObject","inLanguage":"en-US","@id":"https:\/\/dev.fdd-cf.com\/#\/schema\/logo\/image\/","url":"https:\/\/dev.fdd-cf.com\/wp-content\/uploads\/2023\/03\/FDDCF-logo-en-simple.svg","contentUrl":"https:\/\/dev.fdd-cf.com\/wp-content\/uploads\/2023\/03\/FDDCF-logo-en-simple.svg","caption":"Fonds de dotation Compagnie Fruiti\u00e8re"},"image":{"@id":"https:\/\/dev.fdd-cf.com\/#\/schema\/logo\/image\/"}}]}},"_links":{"self":[{"href":"https:\/\/dev.fdd-cf.com\/en\/wp-json\/wp\/v2\/pages\/1885","targetHints":{"allow":["GET"]}}],"collection":[{"href":"https:\/\/dev.fdd-cf.com\/en\/wp-json\/wp\/v2\/pages"}],"about":[{"href":"https:\/\/dev.fdd-cf.com\/en\/wp-json\/wp\/v2\/types\/page"}],"author":[{"embeddable":true,"href":"https:\/\/dev.fdd-cf.com\/en\/wp-json\/wp\/v2\/users\/4"}],"replies":[{"embeddable":true,"href":"https:\/\/dev.fdd-cf.com\/en\/wp-json\/wp\/v2\/comments?post=1885"}],"version-history":[{"count":2,"href":"https:\/\/dev.fdd-cf.com\/en\/wp-json\/wp\/v2\/pages\/1885\/revisions"}],"predecessor-version":[{"id":1888,"href":"https:\/\/dev.fdd-cf.com\/en\/wp-json\/wp\/v2\/pages\/1885\/revisions\/1888"}],"wp:attachment":[{"href":"https:\/\/dev.fdd-cf.com\/en\/wp-json\/wp\/v2\/media?parent=1885"}],"curies":[{"name":"wp","href":"https:\/\/api.w.org\/{rel}","templated":true}]}}